{"id":9581,"date":"2022-10-06T06:42:09","date_gmt":"2022-10-06T06:42:09","guid":{"rendered":"http:\/\/staynow-paylater.com\/?page_id=9581"},"modified":"2023-01-12T10:39:12","modified_gmt":"2023-01-12T10:39:12","slug":"nos-hebergements","status":"publish","type":"page","link":"https:\/\/www.snpl.mu\/fr\/nos-hebergements\/","title":{"rendered":"Hebergements"},"content":{"rendered":"\t\t<div data-elementor-type=\"wp-page\" data-elementor-id=\"9581\" class=\"elementor elementor-9581 elementor-8029\">\n\t\t\t\t\t\t<div class=\"elementor-inner\">\n\t\t\t\t<div class=\"elementor-section-wrap\">\n\t\t\t\t\t\t\t\t\t<section class=\"elementor-section elementor-top-section elementor-element elementor-element-35c266bb elementor-section-boxed elementor-section-height-default elementor-section-height-default\" data-id=\"35c266bb\" data-element_type=\"section\">\n\t\t\t\t\t\t<div class=\"elementor-container elementor-column-gap-default\">\n\t\t\t\t\t\t\t<div class=\"elementor-row\">\n\t\t\t\t\t<div class=\"elementor-column elementor-col-100 elementor-top-column elementor-element elementor-element-45257ccd\" data-id=\"45257ccd\" data-element_type=\"column\">\n\t\t\t<div class=\"elementor-column-wrap elementor-element-populated\">\n\t\t\t\t\t\t\t<div class=\"elementor-widget-wrap\">\n\t\t\t\t\t\t<div class=\"elementor-element elementor-element-1660ffd7 elementor-widget elementor-widget-text-editor\" data-id=\"1660ffd7\" data-element_type=\"widget\" data-widget_type=\"text-editor.default\">\n\t\t\t\t<div class=\"elementor-widget-container\">\n\t\t\t\t\t\t\t\t<div class=\"elementor-text-editor elementor-clearfix\">\n\t\t\t\t&nbsp;\r\n\r\n&nbsp;\r\n\r\n&nbsp;\t\t\t\t\t<\/div>\n\t\t\t\t\t\t<\/div>\n\t\t\t\t<\/div>\n\t\t\t\t\t\t<\/div>\n\t\t\t\t\t<\/div>\n\t\t<\/div>\n\t\t\t\t\t\t\t\t<\/div>\n\t\t\t\t\t<\/div>\n\t\t<\/section>\n\t\t\t\t<section class=\"elementor-section elementor-top-section elementor-element elementor-element-1819af61 ftrgeneral elementor-section-boxed elementor-section-height-default elementor-section-height-default\" data-id=\"1819af61\" data-element_type=\"section\">\n\t\t\t\t\t\t<div class=\"elementor-container elementor-column-gap-default\">\n\t\t\t\t\t\t\t<div class=\"elementor-row\">\n\t\t\t\t\t<div class=\"elementor-column elementor-col-33 elementor-top-column elementor-element elementor-element-42e688b6\" data-id=\"42e688b6\" data-element_type=\"column\">\n\t\t\t<div class=\"elementor-column-wrap elementor-element-populated\">\n\t\t\t\t\t\t\t<div class=\"elementor-widget-wrap\">\n\t\t\t\t\t\t<section class=\"elementor-section elementor-inner-section elementor-element elementor-element-551ee2cc elementor-section-boxed elementor-section-height-default elementor-section-height-default\" data-id=\"551ee2cc\" data-element_type=\"section\">\n\t\t\t\t\t\t<div class=\"elementor-container elementor-column-gap-default\">\n\t\t\t\t\t\t\t<div class=\"elementor-row\">\n\t\t\t\t\t<div class=\"elementor-column elementor-col-100 elementor-inner-column elementor-element elementor-element-2ccaa1fb\" data-id=\"2ccaa1fb\" data-element_type=\"column\">\n\t\t\t<div class=\"elementor-column-wrap elementor-element-populated\">\n\t\t\t\t\t\t\t<div class=\"elementor-widget-wrap\">\n\t\t\t\t\t\t<div class=\"elementor-element elementor-element-7f3c197e elementor-widget elementor-widget-image\" data-id=\"7f3c197e\" data-element_type=\"widget\" data-widget_type=\"image.default\">\n\t\t\t\t<div class=\"elementor-widget-container\">\n\t\t\t\t\t\t\t\t<div class=\"elementor-image\">\n\t\t\t\t\t\t\t\t\t\t\t\t<img decoding=\"async\" src=\"https:\/\/www.snpl.mu\/wp-content\/uploads\/2023\/01\/Spnl_Logo.png\" title=\"Spnl_Logo\" alt=\"Spnl_Logo\" \/>\t\t\t\t\t\t\t\t\t\t\t\t\t\t<\/div>\n\t\t\t\t\t\t<\/div>\n\t\t\t\t<\/div>\n\t\t\t\t\t\t<\/div>\n\t\t\t\t\t<\/div>\n\t\t<\/div>\n\t\t\t\t\t\t\t\t<\/div>\n\t\t\t\t\t<\/div>\n\t\t<\/section>\n\t\t\t\t<div class=\"elementor-element elementor-element-7ff6ed11 elementor-widget elementor-widget-image\" data-id=\"7ff6ed11\" data-element_type=\"widget\" data-widget_type=\"image.default\">\n\t\t\t\t<div class=\"elementor-widget-container\">\n\t\t\t\t\t\t\t\t<div class=\"elementor-image\">\n\t\t\t\t\t\t\t\t\t\t\t\t<img decoding=\"async\" width=\"294\" height=\"101\" src=\"https:\/\/www.snpl.mu\/wp-content\/uploads\/2022\/10\/cim-finance-vector-logo.jpg\" class=\"attachment-full size-full wp-image-11160\" alt=\"\" loading=\"lazy\" srcset=\"https:\/\/www.snpl.mu\/wp-content\/uploads\/2022\/10\/cim-finance-vector-logo.jpg 294w, https:\/\/www.snpl.mu\/wp-content\/uploads\/2022\/10\/cim-finance-vector-logo-768x263.jpg 768w\" sizes=\"(max-width: 294px) 100vw, 294px\" \/>\t\t\t\t\t\t\t\t\t\t\t\t\t\t<\/div>\n\t\t\t\t\t\t<\/div>\n\t\t\t\t<\/div>\n\t\t\t\t<div class=\"elementor-element elementor-element-55c0db5 elementor-widget-divider--view-line elementor-widget elementor-widget-divider\" data-id=\"55c0db5\" data-element_type=\"widget\" data-widget_type=\"divider.default\">\n\t\t\t\t<div class=\"elementor-widget-container\">\n\t\t\t\t\t<div class=\"elementor-divider\">\n\t\t\t<span class=\"elementor-divider-separator\">\n\t\t\t\t\t\t<\/span>\n\t\t<\/div>\n\t\t\t\t<\/div>\n\t\t\t\t<\/div>\n\t\t\t\t<div class=\"elementor-element elementor-element-144d4b20 elementor-widget-divider--view-line elementor-widget elementor-widget-divider\" data-id=\"144d4b20\" data-element_type=\"widget\" data-widget_type=\"divider.default\">\n\t\t\t\t<div class=\"elementor-widget-container\">\n\t\t\t\t\t<div class=\"elementor-divider\">\n\t\t\t<span class=\"elementor-divider-separator\">\n\t\t\t\t\t\t<\/span>\n\t\t<\/div>\n\t\t\t\t<\/div>\n\t\t\t\t<\/div>\n\t\t\t\t<section class=\"elementor-section elementor-inner-section elementor-element elementor-element-10ceeae1 elementor-section-boxed elementor-section-height-default elementor-section-height-default\" data-id=\"10ceeae1\" data-element_type=\"section\">\n\t\t\t\t\t\t<div class=\"elementor-container elementor-column-gap-default\">\n\t\t\t\t\t\t\t<div class=\"elementor-row\">\n\t\t\t\t\t<div class=\"elementor-column elementor-col-100 elementor-inner-column elementor-element elementor-element-79994fb4\" data-id=\"79994fb4\" data-element_type=\"column\">\n\t\t\t<div class=\"elementor-column-wrap elementor-element-populated\">\n\t\t\t\t\t\t\t<div class=\"elementor-widget-wrap\">\n\t\t\t\t\t\t<div class=\"elementor-element elementor-element-6a69d01f elementor-widget elementor-widget-heading\" data-id=\"6a69d01f\" data-element_type=\"widget\" data-widget_type=\"heading.default\">\n\t\t\t\t<div class=\"elementor-widget-container\">\n\t\t\t<h2 class=\"elementor-heading-title elementor-size-default\">Suivez-nous<\/h2>\t\t<\/div>\n\t\t\t\t<\/div>\n\t\t\t\t<div class=\"elementor-element elementor-element-e9d7991 elementor-shape-circle e-grid-align-left elementor-grid-0 elementor-widget elementor-widget-social-icons\" data-id=\"e9d7991\" data-element_type=\"widget\" data-widget_type=\"social-icons.default\">\n\t\t\t\t<div class=\"elementor-widget-container\">\n\t\t\t\t\t<div class=\"elementor-social-icons-wrapper elementor-grid\">\n\t\t\t\t\t\t\t<span class=\"elementor-grid-item\">\n\t\t\t\t\t<a class=\"elementor-icon elementor-social-icon elementor-social-icon-facebook elementor-repeater-item-c1b832d\" target=\"_blank\">\n\t\t\t\t\t\t<span class=\"elementor-screen-only\">Facebook<\/span>\n\t\t\t\t\t\t<i class=\"fab fa-facebook\"><\/i>\t\t\t\t\t<\/a>\n\t\t\t\t<\/span>\n\t\t\t\t\t\t\t<span class=\"elementor-grid-item\">\n\t\t\t\t\t<a class=\"elementor-icon elementor-social-icon elementor-social-icon-youtube elementor-repeater-item-49e67d4\" target=\"_blank\">\n\t\t\t\t\t\t<span class=\"elementor-screen-only\">Youtube<\/span>\n\t\t\t\t\t\t<i class=\"fab fa-youtube\"><\/i>\t\t\t\t\t<\/a>\n\t\t\t\t<\/span>\n\t\t\t\t\t\t\t<span class=\"elementor-grid-item\">\n\t\t\t\t\t<a class=\"elementor-icon elementor-social-icon elementor-social-icon-instagram elementor-repeater-item-91d5b8a\" target=\"_blank\">\n\t\t\t\t\t\t<span class=\"elementor-screen-only\">Instagram<\/span>\n\t\t\t\t\t\t<i class=\"fab fa-instagram\"><\/i>\t\t\t\t\t<\/a>\n\t\t\t\t<\/span>\n\t\t\t\t\t\t\t<span class=\"elementor-grid-item\">\n\t\t\t\t\t<a class=\"elementor-icon elementor-social-icon elementor-social-icon-tiktok elementor-repeater-item-cf7160d\" target=\"_blank\">\n\t\t\t\t\t\t<span class=\"elementor-screen-only\">Tiktok<\/span>\n\t\t\t\t\t\t<i class=\"fab fa-tiktok\"><\/i>\t\t\t\t\t<\/a>\n\t\t\t\t<\/span>\n\t\t\t\t\t<\/div>\n\t\t\t\t<\/div>\n\t\t\t\t<\/div>\n\t\t\t\t\t\t<\/div>\n\t\t\t\t\t<\/div>\n\t\t<\/div>\n\t\t\t\t\t\t\t\t<\/div>\n\t\t\t\t\t<\/div>\n\t\t<\/section>\n\t\t\t\t\t\t<\/div>\n\t\t\t\t\t<\/div>\n\t\t<\/div>\n\t\t\t\t<div class=\"elementor-column elementor-col-33 elementor-top-column elementor-element elementor-element-1f311b46\" data-id=\"1f311b46\" data-element_type=\"column\">\n\t\t\t<div class=\"elementor-column-wrap elementor-element-populated\">\n\t\t\t\t\t\t\t<div class=\"elementor-widget-wrap\">\n\t\t\t\t\t\t<div class=\"elementor-element elementor-element-25f9bcdf elementor-widget elementor-widget-heading\" data-id=\"25f9bcdf\" data-element_type=\"widget\" data-widget_type=\"heading.default\">\n\t\t\t\t<div class=\"elementor-widget-container\">\n\t\t\t<h1 class=\"elementor-heading-title elementor-size-small\">Informations utiles<\/h1>\t\t<\/div>\n\t\t\t\t<\/div>\n\t\t\t\t<div class=\"elementor-element elementor-element-30b0b89f elementor-widget-divider--view-line elementor-widget elementor-widget-divider\" data-id=\"30b0b89f\" data-element_type=\"widget\" data-widget_type=\"divider.default\">\n\t\t\t\t<div class=\"elementor-widget-container\">\n\t\t\t\t\t<div class=\"elementor-divider\">\n\t\t\t<span class=\"elementor-divider-separator\">\n\t\t\t\t\t\t<\/span>\n\t\t<\/div>\n\t\t\t\t<\/div>\n\t\t\t\t<\/div>\n\t\t\t\t<div class=\"elementor-element elementor-element-22e4dbd9 elementor-widget elementor-widget-heading\" data-id=\"22e4dbd9\" data-element_type=\"widget\" data-widget_type=\"heading.default\">\n\t\t\t\t<div class=\"elementor-widget-container\">\n\t\t\t<h2 class=\"elementor-heading-title elementor-size-default\"><a href=\"\/how-to-book-online\">Comment r\u00e9server en ligne ?<\/a><\/h2>\t\t<\/div>\n\t\t\t\t<\/div>\n\t\t\t\t<div class=\"elementor-element elementor-element-3d532ec3 elementor-widget elementor-widget-heading\" data-id=\"3d532ec3\" data-element_type=\"widget\" data-widget_type=\"heading.default\">\n\t\t\t\t<div class=\"elementor-widget-container\">\n\t\t\t<h2 class=\"elementor-heading-title elementor-size-default\"><a href=\"\/cim-onboarding-process\">Processus d'int\u00e9gration de CIM<\/a><\/h2>\t\t<\/div>\n\t\t\t\t<\/div>\n\t\t\t\t<div class=\"elementor-element elementor-element-26066e8d elementor-widget elementor-widget-heading\" data-id=\"26066e8d\" data-element_type=\"widget\" data-widget_type=\"heading.default\">\n\t\t\t\t<div class=\"elementor-widget-container\">\n\t\t\t<h2 class=\"elementor-heading-title elementor-size-default\"><a href=\"#\">CIM Onboarding process<\/a><\/h2>\t\t<\/div>\n\t\t\t\t<\/div>\n\t\t\t\t<div class=\"elementor-element elementor-element-5cd038 elementor-widget elementor-widget-heading\" data-id=\"5cd038\" data-element_type=\"widget\" data-widget_type=\"heading.default\">\n\t\t\t\t<div class=\"elementor-widget-container\">\n\t\t\t<h2 class=\"elementor-heading-title elementor-size-default\"><a href=\"#\">Step by step guide<\/a><\/h2>\t\t<\/div>\n\t\t\t\t<\/div>\n\t\t\t\t\t\t<\/div>\n\t\t\t\t\t<\/div>\n\t\t<\/div>\n\t\t\t\t<div class=\"elementor-column elementor-col-33 elementor-top-column elementor-element elementor-element-772213a4\" data-id=\"772213a4\" data-element_type=\"column\">\n\t\t\t<div class=\"elementor-column-wrap elementor-element-populated\">\n\t\t\t\t\t\t\t<div class=\"elementor-widget-wrap\">\n\t\t\t\t\t\t<div class=\"elementor-element elementor-element-29d4e8d3 elementor-widget elementor-widget-heading\" data-id=\"29d4e8d3\" data-element_type=\"widget\" data-widget_type=\"heading.default\">\n\t\t\t\t<div class=\"elementor-widget-container\">\n\t\t\t<h2 class=\"elementor-heading-title elementor-size-default\">Nous contacter<\/h2>\t\t<\/div>\n\t\t\t\t<\/div>\n\t\t\t\t<div class=\"elementor-element elementor-element-78d5493c elementor-widget-divider--view-line elementor-widget elementor-widget-divider\" data-id=\"78d5493c\" data-element_type=\"widget\" data-widget_type=\"divider.default\">\n\t\t\t\t<div class=\"elementor-widget-container\">\n\t\t\t\t\t<div class=\"elementor-divider\">\n\t\t\t<span class=\"elementor-divider-separator\">\n\t\t\t\t\t\t<\/span>\n\t\t<\/div>\n\t\t\t\t<\/div>\n\t\t\t\t<\/div>\n\t\t\t\t<div class=\"elementor-element elementor-element-5ff58ef7 elementor-widget elementor-widget-heading\" data-id=\"5ff58ef7\" data-element_type=\"widget\" data-widget_type=\"heading.default\">\n\t\t\t\t<div class=\"elementor-widget-container\">\n\t\t\t<h2 class=\"elementor-heading-title elementor-size-default\"><a href=\"#\">Questions sur votre r\u00e9servation .<\/a><\/h2>\t\t<\/div>\n\t\t\t\t<\/div>\n\t\t\t\t<div class=\"elementor-element elementor-element-3f18979 elementor-widget elementor-widget-heading\" data-id=\"3f18979\" data-element_type=\"widget\" data-widget_type=\"heading.default\">\n\t\t\t\t<div class=\"elementor-widget-container\">\n\t\t\t<h2 class=\"elementor-heading-title elementor-size-default\">Email: <br><br>T\u00e9l\u00e9phone:<\/h2>\t\t<\/div>\n\t\t\t\t<\/div>\n\t\t\t\t<div class=\"elementor-element elementor-element-2cb73740 elementor-widget-divider--view-line elementor-widget elementor-widget-divider\" data-id=\"2cb73740\" data-element_type=\"widget\" data-widget_type=\"divider.default\">\n\t\t\t\t<div class=\"elementor-widget-container\">\n\t\t\t\t\t<div class=\"elementor-divider\">\n\t\t\t<span class=\"elementor-divider-separator\">\n\t\t\t\t\t\t<\/span>\n\t\t<\/div>\n\t\t\t\t<\/div>\n\t\t\t\t<\/div>\n\t\t\t\t<div class=\"elementor-element elementor-element-45ffdce1 elementor-widget elementor-widget-heading\" data-id=\"45ffdce1\" data-element_type=\"widget\" data-widget_type=\"heading.default\">\n\t\t\t\t<div class=\"elementor-widget-container\">\n\t\t\t<h2 class=\"elementor-heading-title elementor-size-default\">Des questions sur votre d\u00e9lai de remboursement.<\/h2>\t\t<\/div>\n\t\t\t\t<\/div>\n\t\t\t\t<div class=\"elementor-element elementor-element-458dd6a5 elementor-widget elementor-widget-heading\" data-id=\"458dd6a5\" data-element_type=\"widget\" data-widget_type=\"heading.default\">\n\t\t\t\t<div class=\"elementor-widget-container\">\n\t\t\t<h2 class=\"elementor-heading-title elementor-size-default\">Email: <br><br>T\u00e9l\u00e9phone:<\/h2>\t\t<\/div>\n\t\t\t\t<\/div>\n\t\t\t\t<div class=\"elementor-element elementor-element-afbfeae elementor-widget-divider--view-line elementor-widget elementor-widget-divider\" data-id=\"afbfeae\" data-element_type=\"widget\" data-widget_type=\"divider.default\">\n\t\t\t\t<div class=\"elementor-widget-container\">\n\t\t\t\t\t<div class=\"elementor-divider\">\n\t\t\t<span class=\"elementor-divider-separator\">\n\t\t\t\t\t\t<\/span>\n\t\t<\/div>\n\t\t\t\t<\/div>\n\t\t\t\t<\/div>\n\t\t\t\t<div class=\"elementor-element elementor-element-1908e69e elementor-widget elementor-widget-heading\" data-id=\"1908e69e\" data-element_type=\"widget\" data-widget_type=\"heading.default\">\n\t\t\t\t<div class=\"elementor-widget-container\">\n\t\t\t<h2 class=\"elementor-heading-title elementor-size-default\">Questions g\u00e9n\u00e9rales.<\/h2>\t\t<\/div>\n\t\t\t\t<\/div>\n\t\t\t\t<div class=\"elementor-element elementor-element-6d905c31 elementor-widget elementor-widget-heading\" data-id=\"6d905c31\" data-element_type=\"widget\" data-widget_type=\"heading.default\">\n\t\t\t\t<div class=\"elementor-widget-container\">\n\t\t\t<h2 class=\"elementor-heading-title elementor-size-default\">Email: <br><br>T\u00e9l\u00e9phone:<\/h2>\t\t<\/div>\n\t\t\t\t<\/div>\n\t\t\t\t\t\t<\/div>\n\t\t\t\t\t<\/div>\n\t\t<\/div>\n\t\t\t\t\t\t\t\t<\/div>\n\t\t\t\t\t<\/div>\n\t\t<\/section>\n\t\t\t\t\t\t\t\t\t<\/div>\n\t\t\t<\/div>\n\t\t\t\t\t<\/div>\n\t\t","protected":false},"excerpt":{"rendered":"<p>&nbsp; &nbsp; &nbsp; Suivez-nous Facebook Youtube Instagram Tiktok Informations utiles Comment r\u00e9server en ligne ? Processus d&rsquo;int\u00e9gration de CIM CIM Onboarding process Step by step guide Nous contacter Questions sur votre r\u00e9servation . Email: T\u00e9l\u00e9phone: Des questions sur votre d\u00e9lai de remboursement. Email: T\u00e9l\u00e9phone: Questions g\u00e9n\u00e9rales. Email: T\u00e9l\u00e9phone:<\/p>\n","protected":false},"author":1,"featured_media":17664,"parent":0,"menu_order":0,"comment_status":"closed","ping_status":"closed","template":"template-hotel-search.php","meta":[],"acf":[],"yoast_head":"<!-- This site is optimized with the Yoast SEO plugin v19.12 - https:\/\/yoast.com\/wordpress\/plugins\/seo\/ -->\n<title>Hebergements - Stay Now Pay Later<\/title>\n<meta name=\"robots\" content=\"index, follow, max-snippet:-1, max-image-preview:large, max-video-preview:-1\" \/>\n<link rel=\"canonical\" href=\"https:\/\/www.snpl.mu\/fr\/nos-hebergements\/\" \/>\n<meta property=\"og:locale\" content=\"fr_FR\" \/>\n<meta property=\"og:type\" content=\"article\" \/>\n<meta property=\"og:title\" content=\"Hebergements - Stay Now Pay Later\" \/>\n<meta property=\"og:description\" content=\"&nbsp; &nbsp; &nbsp; Suivez-nous Facebook Youtube Instagram Tiktok Informations utiles Comment r\u00e9server en ligne ? Processus d&rsquo;int\u00e9gration de CIM CIM Onboarding process Step by step guide Nous contacter Questions sur votre r\u00e9servation . Email: T\u00e9l\u00e9phone: Des questions sur votre d\u00e9lai de remboursement. Email: T\u00e9l\u00e9phone: Questions g\u00e9n\u00e9rales. Email: T\u00e9l\u00e9phone:\" \/>\n<meta property=\"og:url\" content=\"https:\/\/www.snpl.mu\/fr\/nos-hebergements\/\" \/>\n<meta property=\"og:site_name\" content=\"Stay Now Pay Later\" \/>\n<meta property=\"article:modified_time\" content=\"2023-01-12T10:39:12+00:00\" \/>\n<meta property=\"og:image\" content=\"https:\/\/www.snpl.mu\/wp-content\/uploads\/2023\/01\/SNPL.mu-Stays-tab-Header-8.jpg\" \/>\n\t<meta property=\"og:image:width\" content=\"2076\" \/>\n\t<meta property=\"og:image:height\" content=\"360\" \/>\n\t<meta property=\"og:image:type\" content=\"image\/jpeg\" \/>\n<meta name=\"twitter:card\" content=\"summary_large_image\" \/>\n<meta name=\"twitter:label1\" content=\"Dur\u00e9e de lecture estim\u00e9e\" \/>\n\t<meta name=\"twitter:data1\" content=\"1 minute\" \/>\n<script type=\"application\/ld+json\" class=\"yoast-schema-graph\">{\"@context\":\"https:\/\/schema.org\",\"@graph\":[{\"@type\":\"WebPage\",\"@id\":\"https:\/\/www.snpl.mu\/fr\/nos-hebergements\/\",\"url\":\"https:\/\/www.snpl.mu\/fr\/nos-hebergements\/\",\"name\":\"Hebergements - Stay Now Pay Later\",\"isPartOf\":{\"@id\":\"https:\/\/www.snpl.mu\/#website\"},\"datePublished\":\"2022-10-06T06:42:09+00:00\",\"dateModified\":\"2023-01-12T10:39:12+00:00\",\"inLanguage\":\"fr-FR\",\"potentialAction\":[{\"@type\":\"ReadAction\",\"target\":[\"https:\/\/www.snpl.mu\/fr\/nos-hebergements\/\"]}]},{\"@type\":\"WebSite\",\"@id\":\"https:\/\/www.snpl.mu\/#website\",\"url\":\"https:\/\/www.snpl.mu\/\",\"name\":\"Stay Now Pay Later\",\"description\":\"SNPL\",\"potentialAction\":[{\"@type\":\"SearchAction\",\"target\":{\"@type\":\"EntryPoint\",\"urlTemplate\":\"https:\/\/www.snpl.mu\/?s={search_term_string}\"},\"query-input\":\"required name=search_term_string\"}],\"inLanguage\":\"fr-FR\"}]}<\/script>\n<!-- \/ Yoast SEO plugin. -->","yoast_head_json":{"title":"Hebergements - Stay Now Pay Later","robots":{"index":"index","follow":"follow","max-snippet":"max-snippet:-1","max-image-preview":"max-image-preview:large","max-video-preview":"max-video-preview:-1"},"canonical":"https:\/\/www.snpl.mu\/fr\/nos-hebergements\/","og_locale":"fr_FR","og_type":"article","og_title":"Hebergements - Stay Now Pay Later","og_description":"&nbsp; &nbsp; &nbsp; Suivez-nous Facebook Youtube Instagram Tiktok Informations utiles Comment r\u00e9server en ligne ? Processus d&rsquo;int\u00e9gration de CIM CIM Onboarding process Step by step guide Nous contacter Questions sur votre r\u00e9servation . Email: T\u00e9l\u00e9phone: Des questions sur votre d\u00e9lai de remboursement. Email: T\u00e9l\u00e9phone: Questions g\u00e9n\u00e9rales. Email: T\u00e9l\u00e9phone:","og_url":"https:\/\/www.snpl.mu\/fr\/nos-hebergements\/","og_site_name":"Stay Now Pay Later","article_modified_time":"2023-01-12T10:39:12+00:00","og_image":[{"width":2076,"height":360,"url":"https:\/\/www.snpl.mu\/wp-content\/uploads\/2023\/01\/SNPL.mu-Stays-tab-Header-8.jpg","type":"image\/jpeg"}],"twitter_card":"summary_large_image","twitter_misc":{"Dur\u00e9e de lecture estim\u00e9e":"1 minute"},"schema":{"@context":"https:\/\/schema.org","@graph":[{"@type":"WebPage","@id":"https:\/\/www.snpl.mu\/fr\/nos-hebergements\/","url":"https:\/\/www.snpl.mu\/fr\/nos-hebergements\/","name":"Hebergements - Stay Now Pay Later","isPartOf":{"@id":"https:\/\/www.snpl.mu\/#website"},"datePublished":"2022-10-06T06:42:09+00:00","dateModified":"2023-01-12T10:39:12+00:00","inLanguage":"fr-FR","potentialAction":[{"@type":"ReadAction","target":["https:\/\/www.snpl.mu\/fr\/nos-hebergements\/"]}]},{"@type":"WebSite","@id":"https:\/\/www.snpl.mu\/#website","url":"https:\/\/www.snpl.mu\/","name":"Stay Now Pay Later","description":"SNPL","potentialAction":[{"@type":"SearchAction","target":{"@type":"EntryPoint","urlTemplate":"https:\/\/www.snpl.mu\/?s={search_term_string}"},"query-input":"required name=search_term_string"}],"inLanguage":"fr-FR"}]}},"_links":{"self":[{"href":"https:\/\/www.snpl.mu\/fr\/wp-json\/wp\/v2\/pages\/9581"}],"collection":[{"href":"https:\/\/www.snpl.mu\/fr\/wp-json\/wp\/v2\/pages"}],"about":[{"href":"https:\/\/www.snpl.mu\/fr\/wp-json\/wp\/v2\/types\/page"}],"author":[{"embeddable":true,"href":"https:\/\/www.snpl.mu\/fr\/wp-json\/wp\/v2\/users\/1"}],"replies":[{"embeddable":true,"href":"https:\/\/www.snpl.mu\/fr\/wp-json\/wp\/v2\/comments?post=9581"}],"version-history":[{"count":6,"href":"https:\/\/www.snpl.mu\/fr\/wp-json\/wp\/v2\/pages\/9581\/revisions"}],"predecessor-version":[{"id":13852,"href":"https:\/\/www.snpl.mu\/fr\/wp-json\/wp\/v2\/pages\/9581\/revisions\/13852"}],"wp:featuredmedia":[{"embeddable":true,"href":"https:\/\/www.snpl.mu\/fr\/wp-json\/wp\/v2\/media\/17664"}],"wp:attachment":[{"href":"https:\/\/www.snpl.mu\/fr\/wp-json\/wp\/v2\/media?parent=9581"}],"curies":[{"name":"wp","href":"https:\/\/api.w.org\/{rel}","templated":true}]}}